{"id":1715,"date":"2022-06-08T14:02:58","date_gmt":"2022-06-08T14:02:58","guid":{"rendered":"https:\/\/abundanciayplenitud.myentrenamientomental.com\/?page_id=1715"},"modified":"2022-07-09T12:13:11","modified_gmt":"2022-07-09T12:13:11","slug":"eventos-presenciales","status":"publish","type":"page","link":"https:\/\/abundanciayplenitud.myentrenamientomental.com\/index.php\/testiminios\/eventos-presenciales\/","title":{"rendered":"Eventos Presenciales"},"content":{"rendered":"\n<p><\/p>\n\n\n<div class=\"gb-container gb-container-d610976c\"><div class=\"gb-inside-container\">\n<div class=\"gb-grid-wrapper gb-grid-wrapper-0805d631\">\n<div class=\"gb-grid-column gb-grid-column-ff1e4c99\"><div class=\"gb-container gb-container-ff1e4c99\"><div class=\"gb-inside-container\">\n\n<figure class=\"wp-block-image size-large is-style-default\"><img loading=\"lazy\" decoding=\"async\" width=\"1024\" height=\"1024\" src=\"https:\/\/abundanciayplenitud.myentrenamientomental.com\/wp-content\/uploads\/2022\/06\/flyer-malaga-2-2-1024x1024.jpg\" alt=\"\" class=\"wp-image-1731\" srcset=\"https:\/\/abundanciayplenitud.myentrenamientomental.com\/wp-content\/uploads\/2022\/06\/flyer-malaga-2-2-1024x1024.jpg 1024w, https:\/\/abundanciayplenitud.myentrenamientomental.com\/wp-content\/uploads\/2022\/06\/flyer-malaga-2-2-300x300.jpg 300w, https:\/\/abundanciayplenitud.myentrenamientomental.com\/wp-content\/uploads\/2022\/06\/flyer-malaga-2-2-150x150.jpg 150w, https:\/\/abundanciayplenitud.myentrenamientomental.com\/wp-content\/uploads\/2022\/06\/flyer-malaga-2-2-768x768.jpg 768w, https:\/\/abundanciayplenitud.myentrenamientomental.com\/wp-content\/uploads\/2022\/06\/flyer-malaga-2-2-1536x1536.jpg 1536w, https:\/\/abundanciayplenitud.myentrenamientomental.com\/wp-content\/uploads\/2022\/06\/flyer-malaga-2-2.jpg 2000w\" sizes=\"auto, (max-width: 1024px) 100vw, 1024px\" \/><\/figure>\n\n<\/div><\/div><\/div>\n\n<div class=\"gb-grid-column gb-grid-column-1c8ebdc9\"><div class=\"gb-container gb-container-1c8ebdc9\"><div class=\"gb-inside-container\">\n\n<h2 class=\"gb-headline gb-headline-a6e06d3f gb-headline-text\">2 Y 3 JULIO 2022<\/h2>\n\n\n\n<h3 class=\"gb-headline gb-headline-545bdb5b gb-headline-text\">Te invitamos a estos impactantes talleres con los que aprender\u00e1s y pondr\u00e1s en pr\u00e1ctica las claves sobre temas como: <\/h3>\n\n\n\n<h3 class=\"gb-headline gb-headline-81c842f2 gb-headline-text\">LOS PADRES, LA PROYECCI\u00d3N Y LA ENFERMEDAD<\/h3>\n\n\n\n<h3 class=\"gb-headline gb-headline-52191f12 gb-headline-text\">\u00a1No te pierdas un fin de semana de respuestas y milagros!<\/h3>\n\n\n\n<h3 class=\"gb-headline gb-headline-c8509f51 gb-headline-text\">Inscribirte es muy f\u00e1cil:<\/h3>\n\n\n\n<h3 class=\"gb-headline gb-headline-62fb80f3 gb-headline-text\">* Haz clic en el bot\u00f3n amarillo que te llevar\u00e1 a nuestro WhatsApp indicando los nombres de los talleres que has elegido.<\/h3>\n\n\n\n<h3 class=\"gb-headline gb-headline-28b595dc gb-headline-text\">* Te enviaremos los datos para el pago y tendr\u00e1s que enviarnos el comprobante para confirmar tu inscripci\u00f3n.<\/h3>\n\n\n\n<div class=\"wp-block-buttons is-content-justification-center is-layout-flex wp-container-core-buttons-is-layout-16018d1d wp-block-buttons-is-layout-flex\">\n<div class=\"wp-block-button has-custom-font-size is-style-fill\" style=\"font-size:24px\"><a class=\"wp-block-button__link has-contrast-color has-accent-background-color has-text-color has-background\" href=\"https:\/\/wa.me\/message\/37BJMJ6KIJDDL1\">Inscr\u00edbete aqu\u00ed<\/a><\/div>\n<\/div>\n\n<\/div><\/div><\/div>\n<\/div>\n<\/div><\/div>\n\n<div class=\"gb-grid-wrapper gb-grid-wrapper-d444fd3c\">\n<div class=\"gb-grid-column gb-grid-column-72c00014\"><div class=\"gb-container gb-container-72c00014\"><div class=\"gb-inside-container\"><\/div><\/div><\/div>\n\n<div class=\"gb-grid-column gb-grid-column-0ee7807a\"><div class=\"gb-container gb-container-0ee7807a\"><div class=\"gb-inside-container\"><\/div><\/div><\/div>\n\n<div class=\"gb-grid-column gb-grid-column-5fbded06\"><div class=\"gb-container gb-container-5fbded06\"><div class=\"gb-inside-container\"><\/div><\/div><\/div>\n\n<div class=\"gb-grid-column gb-grid-column-ce452d54\"><div class=\"gb-container gb-container-ce452d54\"><div class=\"gb-inside-container\"><\/div><\/div><\/div>\n<\/div>\n\n\n<p><\/p>\n","protected":false},"excerpt":{"rendered":"","protected":false},"author":1,"featured_media":0,"parent":1515,"menu_order":0,"comment_status":"closed","ping_status":"closed","template":"","meta":{"inline_featured_image":false,"footnotes":""},"class_list":["post-1715","page","type-page","status-publish"],"_links":{"self":[{"href":"https:\/\/abundanciayplenitud.myentrenamientomental.com\/index.php\/wp-json\/wp\/v2\/pages\/1715","targetHints":{"allow":["GET"]}}],"collection":[{"href":"https:\/\/abundanciayplenitud.myentrenamientomental.com\/index.php\/wp-json\/wp\/v2\/pages"}],"about":[{"href":"https:\/\/abundanciayplenitud.myentrenamientomental.com\/index.php\/wp-json\/wp\/v2\/types\/page"}],"author":[{"embeddable":true,"href":"https:\/\/abundanciayplenitud.myentrenamientomental.com\/index.php\/wp-json\/wp\/v2\/users\/1"}],"replies":[{"embeddable":true,"href":"https:\/\/abundanciayplenitud.myentrenamientomental.com\/index.php\/wp-json\/wp\/v2\/comments?post=1715"}],"version-history":[{"count":15,"href":"https:\/\/abundanciayplenitud.myentrenamientomental.com\/index.php\/wp-json\/wp\/v2\/pages\/1715\/revisions"}],"predecessor-version":[{"id":1771,"href":"https:\/\/abundanciayplenitud.myentrenamientomental.com\/index.php\/wp-json\/wp\/v2\/pages\/1715\/revisions\/1771"}],"up":[{"embeddable":true,"href":"https:\/\/abundanciayplenitud.myentrenamientomental.com\/index.php\/wp-json\/wp\/v2\/pages\/1515"}],"wp:attachment":[{"href":"https:\/\/abundanciayplenitud.myentrenamientomental.com\/index.php\/wp-json\/wp\/v2\/media?parent=1715"}],"curies":[{"name":"wp","href":"https:\/\/api.w.org\/{rel}","templated":true}]}}