{"id":25,"date":"2021-08-19T19:06:56","date_gmt":"2021-08-19T19:06:56","guid":{"rendered":"https:\/\/gpsites.co\/frame\/?page_id=25"},"modified":"2022-06-19T19:27:21","modified_gmt":"2022-06-19T19:27:21","slug":"sobremi","status":"publish","type":"page","link":"https:\/\/abundanciayplenitud.myentrenamientomental.com\/index.php\/sobremi\/","title":{"rendered":"Sobre M\u00ed"},"content":{"rendered":"<div class=\"gb-container gb-container-cbaa5733\"><div class=\"gb-inside-container\">\n<div class=\"wp-block-image\">\n<figure class=\"alignright size-large is-resized\"><img loading=\"lazy\" decoding=\"async\" src=\"https:\/\/abundanciayplenitud.myentrenamientomental.com\/wp-content\/uploads\/2022\/03\/IDPNOM-BLANCO-1024x248.png\" alt=\"\" class=\"wp-image-1227\" width=\"471\" height=\"114\" srcset=\"https:\/\/abundanciayplenitud.myentrenamientomental.com\/wp-content\/uploads\/2022\/03\/IDPNOM-BLANCO-1024x248.png 1024w, https:\/\/abundanciayplenitud.myentrenamientomental.com\/wp-content\/uploads\/2022\/03\/IDPNOM-BLANCO-300x73.png 300w, https:\/\/abundanciayplenitud.myentrenamientomental.com\/wp-content\/uploads\/2022\/03\/IDPNOM-BLANCO-768x186.png 768w, https:\/\/abundanciayplenitud.myentrenamientomental.com\/wp-content\/uploads\/2022\/03\/IDPNOM-BLANCO.png 1046w\" sizes=\"auto, (max-width: 471px) 100vw, 471px\" \/><\/figure>\n<\/div>\n<\/div><\/div>\n\n<div class=\"gb-container gb-container-abac1353\"><div class=\"gb-inside-container\">\n<div class=\"gb-grid-wrapper gb-grid-wrapper-0faad5fc\">\n<div class=\"gb-grid-column gb-grid-column-bc38feb6\"><div class=\"gb-container gb-container-bc38feb6\"><div class=\"gb-inside-container\">\n<div class=\"gb-container gb-container-6b0486ae shadow-container\"><div class=\"gb-inside-container\"><\/div><\/div>\n<\/div><\/div><\/div>\n\n<div class=\"gb-grid-column gb-grid-column-7c55cac3\"><div class=\"gb-container gb-container-7c55cac3\"><div class=\"gb-inside-container\">\n\n<h1 class=\"gb-headline gb-headline-8be78c0a\"><span class=\"gb-icon\"><svg viewBox=\"0 0 36.7 3\" xmlns=\"http:\/\/www.w3.org\/2000\/svg\"><path d=\"M0 0h36.7v3H0z\"><\/path><\/svg><\/span><span class=\"gb-headline-text\"><strong>Sebasti\u00e1n Mora<\/strong><\/span><\/h1>\n\n\n\n<h2 class=\"gb-headline gb-headline-98a8550e gb-headline-text\"><\/h2>\n\n\n\n<p class=\"has-medium-font-size\">Actualmente, en su andadura con el Curso comparte estos conocimientos.<\/p>\n\n\n\n<p class=\"has-medium-font-size\">Conferencista y fundador del Instituto Del Perd\u00f3n, Creador del Programa Transigencia Cero.<\/p>\n\n\n\n<p class=\"has-medium-font-size\">Sebasti\u00e1n es terapeuta seg\u00fan la Psicoterapia de Un Curso de Milagros a la que lleg\u00f3 mediante el profundo estudio del Curso durante a\u00f1os y la permanente puesta en pr\u00e1ctica de este m\u00e9todo.<\/p>\n\n\n\n<p class=\"has-medium-font-size\">Su entrega y pr\u00e1ctica fue tal que desde ese momento decidi\u00f3 dedicarse totalmente al profundo estudio de Un Curso De Milagros.<\/p>\n\n<\/div><\/div><\/div>\n<\/div>\n\n<div class=\"gb-container gb-container-f383f983\"><div class=\"gb-inside-container\">\n\n<p class=\"gb-headline gb-headline-2f8f1599\"><span class=\"gb-icon\"><svg viewBox=\"0 0 36.7 3\" xmlns=\"http:\/\/www.w3.org\/2000\/svg\"><path d=\"M0 0h36.7v3H0z\"><\/path><\/svg><\/span><span class=\"gb-headline-text\">Actualmente, en su andadura con el Curso comparte estos conocimientos en formaciones organizadas en todo el mundo. Ha formado a m\u00e1s de veinte generaciones de estudiantes para el entrenamiento mental de un a\u00f1o completo que propone y proporciona el Curso, tanto en forma presencial como en l\u00ednea. Como gran conocedor del Curso y veterano estudiante, comparte su propia forma de vida basada en la pr\u00e1ctica total de Un Curso de Milagros y visita pa\u00edses como Espa\u00f1a, M\u00e9xico, Ecuador, Estados Unidos, Argentina y Chile donde ha realizado exitosos encuentros, talleres, retiros, formaciones y psicoterapias privadas.<\/span><\/p>\n\n<\/div><\/div>\n<\/div><div class=\"gb-shapes\"><div class=\"gb-shape gb-shape-1\"><svg xmlns=\"http:\/\/www.w3.org\/2000\/svg\" viewBox=\"0 0 1200 350\" preserveAspectRatio=\"none\"><path d=\"M1200 336.7V350H0V0s22.4 276.4 1200 336.7z\"\/><\/svg><\/div><\/div><\/div>","protected":false},"excerpt":{"rendered":"<p>Actualmente, en su andadura con el Curso comparte estos conocimientos en formaciones organizadas en todo el mundo. Ha formado a m\u00e1s de veinte generaciones de estudiantes para el entrenamiento mental de un a\u00f1o completo que propone y proporciona el Curso, tanto en forma presencial como en l\u00ednea. Como gran conocedor del Curso y veterano estudiante, &#8230; <a title=\"Sobre M\u00ed\" class=\"read-more\" href=\"https:\/\/abundanciayplenitud.myentrenamientomental.com\/index.php\/sobremi\/\" aria-label=\"M\u00e1s en Sobre M\u00ed\">Leer m\u00e1s<\/a><\/p>\n","protected":false},"author":1,"featured_media":0,"parent":0,"menu_order":0,"comment_status":"closed","ping_status":"closed","template":"","meta":{"inline_featured_image":false,"footnotes":""},"class_list":["post-25","page","type-page","status-publish"],"_links":{"self":[{"href":"https:\/\/abundanciayplenitud.myentrenamientomental.com\/index.php\/wp-json\/wp\/v2\/pages\/25","targetHints":{"allow":["GET"]}}],"collection":[{"href":"https:\/\/abundanciayplenitud.myentrenamientomental.com\/index.php\/wp-json\/wp\/v2\/pages"}],"about":[{"href":"https:\/\/abundanciayplenitud.myentrenamientomental.com\/index.php\/wp-json\/wp\/v2\/types\/page"}],"author":[{"embeddable":true,"href":"https:\/\/abundanciayplenitud.myentrenamientomental.com\/index.php\/wp-json\/wp\/v2\/users\/1"}],"replies":[{"embeddable":true,"href":"https:\/\/abundanciayplenitud.myentrenamientomental.com\/index.php\/wp-json\/wp\/v2\/comments?post=25"}],"version-history":[{"count":50,"href":"https:\/\/abundanciayplenitud.myentrenamientomental.com\/index.php\/wp-json\/wp\/v2\/pages\/25\/revisions"}],"predecessor-version":[{"id":1737,"href":"https:\/\/abundanciayplenitud.myentrenamientomental.com\/index.php\/wp-json\/wp\/v2\/pages\/25\/revisions\/1737"}],"wp:attachment":[{"href":"https:\/\/abundanciayplenitud.myentrenamientomental.com\/index.php\/wp-json\/wp\/v2\/media?parent=25"}],"curies":[{"name":"wp","href":"https:\/\/api.w.org\/{rel}","templated":true}]}}